{"id":9055,"date":"2022-06-08T20:52:56","date_gmt":"2022-06-08T18:52:56","guid":{"rendered":"http:\/\/fenetresurblog.com\/?page_id=9055"},"modified":"2022-06-08T21:01:46","modified_gmt":"2022-06-08T19:01:46","slug":"a-lire-absolument","status":"publish","type":"page","link":"https:\/\/fenetresurblog.com\/index.php\/a-lire-absolument\/","title":{"rendered":""},"content":{"rendered":"<p><a href=\"http:\/\/fenetresurblog.com\/index.php\/2022\/04\/09\/roman-gilles-paris-le-bal-de-cendres-editions-plon-interview\/\" target=\"_blank\" rel=\"noopener\"><img loading=\"lazy\" decoding=\"async\" class=\"alignnone size-medium wp-image-8849\" src=\"http:\/\/fenetresurblog.com\/wp-content\/uploads\/2022\/04\/bal-188x300.jpg\" alt=\"\" width=\"188\" height=\"300\" srcset=\"https:\/\/fenetresurblog.com\/wp-content\/uploads\/2022\/04\/bal-188x300.jpg 188w, https:\/\/fenetresurblog.com\/wp-content\/uploads\/2022\/04\/bal-768x1224.jpg 768w, https:\/\/fenetresurblog.com\/wp-content\/uploads\/2022\/04\/bal-643x1024.jpg 643w, https:\/\/fenetresurblog.com\/wp-content\/uploads\/2022\/04\/bal.jpg 1255w\" sizes=\"auto, (max-width: 188px) 100vw, 188px\" \/><\/a><\/p>\n<p><b>Sur l\u2019\u00eele de Stromboli, des couples savourent leurs vacances. Ils sont sensibles, l\u00e2ches, infid\u00e8les, \u00e9go\u00efstes, enfantins. Elles sont fortes, r\u00e9silientes, l\u00e9g\u00e8res, amoureuses. Le r\u00e9veil du volcan va bouleverser leurs vies. Cet \u00e9t\u00e9 de tous les dangers sera-t-il le prix \u00e0 payer pour se lib\u00e9rer enfin ?<\/b><\/p>\n","protected":false},"excerpt":{"rendered":"<p>Sur l\u2019\u00eele de Stromboli, des couples savourent leurs vacances. Ils sont sensibles, l\u00e2ches, infid\u00e8les, \u00e9go\u00efstes, enfantins. Elles sont fortes, r\u00e9silientes, l\u00e9g\u00e8res, amoureuses. Le r\u00e9veil du volcan va bouleverser leurs vies. Cet \u00e9t\u00e9 de tous les dangers sera-t-il le prix \u00e0 payer pour se lib\u00e9rer enfin ?<\/p>\n","protected":false},"author":1,"featured_media":0,"parent":0,"menu_order":0,"comment_status":"closed","ping_status":"closed","template":"","meta":{"footnotes":""},"class_list":["post-9055","page","type-page","status-publish","hentry"],"_links":{"self":[{"href":"https:\/\/fenetresurblog.com\/index.php\/wp-json\/wp\/v2\/pages\/9055","targetHints":{"allow":["GET"]}}],"collection":[{"href":"https:\/\/fenetresurblog.com\/index.php\/wp-json\/wp\/v2\/pages"}],"about":[{"href":"https:\/\/fenetresurblog.com\/index.php\/wp-json\/wp\/v2\/types\/page"}],"author":[{"embeddable":true,"href":"https:\/\/fenetresurblog.com\/index.php\/wp-json\/wp\/v2\/users\/1"}],"replies":[{"embeddable":true,"href":"https:\/\/fenetresurblog.com\/index.php\/wp-json\/wp\/v2\/comments?post=9055"}],"version-history":[{"count":0,"href":"https:\/\/fenetresurblog.com\/index.php\/wp-json\/wp\/v2\/pages\/9055\/revisions"}],"wp:attachment":[{"href":"https:\/\/fenetresurblog.com\/index.php\/wp-json\/wp\/v2\/media?parent=9055"}],"curies":[{"name":"wp","href":"https:\/\/api.w.org\/{rel}","templated":true}]}}