{"id":7632,"date":"2020-09-16T15:19:39","date_gmt":"2020-09-16T13:19:39","guid":{"rendered":"http:\/\/fenetresurblog.com\/?page_id=7632"},"modified":"2025-11-13T19:28:49","modified_gmt":"2025-11-13T18:28:49","slug":"telecharger-les-applications-web-radio-wev-tv","status":"publish","type":"page","link":"https:\/\/fenetresurblog.com\/index.php\/telecharger-les-applications-web-radio-wev-tv\/","title":{"rendered":"T\u00e9l\u00e9charger les applications  Web RADIO"},"content":{"rendered":"<h1 style=\"text-align: center;\"><span style=\"color: #ff00ff;\"><strong>MUSICBOX WEB RADIO<\/strong><\/span><\/h1>\n<h1>T\u00e9l\u00e9chargez l\u2019application<strong><a href=\"https:\/\/apps.apple.com\/fr\/app\/musicboxtv\/id542110591\" target=\"_blank\" rel=\"noopener\"> IOS<\/a><\/strong>\u00a0 \u00a0 Apple<\/h1>\n<h1>T\u00e9l\u00e9charger l&rsquo;application <a href=\"https:\/\/play.google.com\/store\/apps\/details?id=com.app1539&amp;hl=fr\" target=\"_blank\" rel=\"noopener\"><strong>ANDRO\u00cfD<\/strong><\/a><\/h1>\n<p>&nbsp;<\/p>\n","protected":false},"excerpt":{"rendered":"<p>MUSICBOX WEB RADIO T\u00e9l\u00e9chargez l\u2019application IOS\u00a0 \u00a0 Apple T\u00e9l\u00e9charger l&rsquo;application ANDRO\u00cfD &nbsp;<\/p>\n","protected":false},"author":1,"featured_media":0,"parent":0,"menu_order":0,"comment_status":"closed","ping_status":"closed","template":"","meta":{"footnotes":""},"class_list":["post-7632","page","type-page","status-publish","hentry"],"_links":{"self":[{"href":"https:\/\/fenetresurblog.com\/index.php\/wp-json\/wp\/v2\/pages\/7632","targetHints":{"allow":["GET"]}}],"collection":[{"href":"https:\/\/fenetresurblog.com\/index.php\/wp-json\/wp\/v2\/pages"}],"about":[{"href":"https:\/\/fenetresurblog.com\/index.php\/wp-json\/wp\/v2\/types\/page"}],"author":[{"embeddable":true,"href":"https:\/\/fenetresurblog.com\/index.php\/wp-json\/wp\/v2\/users\/1"}],"replies":[{"embeddable":true,"href":"https:\/\/fenetresurblog.com\/index.php\/wp-json\/wp\/v2\/comments?post=7632"}],"version-history":[{"count":0,"href":"https:\/\/fenetresurblog.com\/index.php\/wp-json\/wp\/v2\/pages\/7632\/revisions"}],"wp:attachment":[{"href":"https:\/\/fenetresurblog.com\/index.php\/wp-json\/wp\/v2\/media?parent=7632"}],"curies":[{"name":"wp","href":"https:\/\/api.w.org\/{rel}","templated":true}]}}