{"id":67,"date":"2017-02-03T20:37:25","date_gmt":"2017-02-03T19:37:25","guid":{"rendered":"http:\/\/fenetresurblog.com\/?page_id=67"},"modified":"2026-02-19T20:53:33","modified_gmt":"2026-02-19T19:53:33","slug":"theatres","status":"publish","type":"page","link":"https:\/\/fenetresurblog.com\/index.php\/theatres\/","title":{"rendered":"Th\u00e9\u00e2tres, spectacles&#8230;"},"content":{"rendered":"<blockquote class=\"wp-embedded-content\" data-secret=\"rAAR9Gd3gP\"><p><a href=\"https:\/\/fenetresurblog.com\/index.php\/2026\/02\/19\/bob-et-moi-a-la-scala-paris-recit-theatral-et-musical-de-et-avec-alexandre-virapin-mise-en-scene-jules-meary-interview-dalexandre-virapin\/\">\u00ab\u00a0BOB ET MOI\u00a0\u00bb \u00e0 La Scala \u2013Paris- r\u00e9cit th\u00e9\u00e2tral et musical  De et avec Alexandre Virapin .  Mise en sc\u00e8ne Jules Meary INTERVIEW D&rsquo;ALEXANDRE VIRAPIN<\/a><\/p><\/blockquote>\n<p><iframe loading=\"lazy\" class=\"wp-embedded-content\" sandbox=\"allow-scripts\" security=\"restricted\" style=\"position: absolute; visibility: hidden;\" title=\"\u00ab\u00a0\u00ab\u00a0BOB ET MOI\u00a0\u00bb \u00e0 La Scala \u2013Paris- r\u00e9cit th\u00e9\u00e2tral et musical  De et avec Alexandre Virapin .  Mise en sc\u00e8ne Jules Meary INTERVIEW D&rsquo;ALEXANDRE VIRAPIN\u00a0\u00bb &#8212; \" src=\"https:\/\/fenetresurblog.com\/index.php\/2026\/02\/19\/bob-et-moi-a-la-scala-paris-recit-theatral-et-musical-de-et-avec-alexandre-virapin-mise-en-scene-jules-meary-interview-dalexandre-virapin\/embed\/#?secret=EJP3sUrldo#?secret=rAAR9Gd3gP\" data-secret=\"rAAR9Gd3gP\" width=\"525\" height=\"296\" frameborder=\"0\" marginwidth=\"0\" marginheight=\"0\" scrolling=\"no\"><\/iframe><\/p>\n<blockquote class=\"wp-embedded-content\" data-secret=\"rbfWToJHMb\"><p><a href=\"https:\/\/fenetresurblog.com\/index.php\/2023\/09\/25\/humour-pauline-cartoon-cosmic-girl\/\">HUMOUR : PAULINE CARTOON \u00a0\u00bb CO(S)MIC GIRL<\/a><\/p><\/blockquote>\n<p><iframe loading=\"lazy\" class=\"wp-embedded-content\" sandbox=\"allow-scripts\" security=\"restricted\" style=\"position: absolute; visibility: hidden;\" title=\"\u00ab\u00a0HUMOUR : PAULINE CARTOON \u00a0\u00bb CO(S)MIC GIRL\u00a0\u00bb &#8212; \" src=\"https:\/\/fenetresurblog.com\/index.php\/2023\/09\/25\/humour-pauline-cartoon-cosmic-girl\/embed\/#?secret=6Ul2PtyOuz#?secret=rbfWToJHMb\" data-secret=\"rbfWToJHMb\" width=\"525\" height=\"296\" frameborder=\"0\" marginwidth=\"0\" marginheight=\"0\" scrolling=\"no\"><\/iframe><\/p>\n<blockquote class=\"wp-embedded-content\" data-secret=\"RXSiOjXtOz\"><p><a href=\"https:\/\/fenetresurblog.com\/index.php\/2023\/02\/21\/theatre-yann-frisch-personne-compagnie-labsente-en-tournee-interview\/\">THE\u00c2TRE\/MAGIE : Yann FRISCH \u00ab\u00a0PERSONNE\u00a0\u00bb  Compagnie l&rsquo;Absente- En tourn\u00e9e (interview)<\/a><\/p><\/blockquote>\n<p><iframe loading=\"lazy\" class=\"wp-embedded-content\" sandbox=\"allow-scripts\" security=\"restricted\" style=\"position: absolute; visibility: hidden;\" title=\"\u00ab\u00a0THE\u00c2TRE\/MAGIE : Yann FRISCH \u00ab\u00a0PERSONNE\u00a0\u00bb  Compagnie l&rsquo;Absente- En tourn\u00e9e (interview)\u00a0\u00bb &#8212; \" src=\"https:\/\/fenetresurblog.com\/index.php\/2023\/02\/21\/theatre-yann-frisch-personne-compagnie-labsente-en-tournee-interview\/embed\/#?secret=9KzIAhrfHO#?secret=RXSiOjXtOz\" data-secret=\"RXSiOjXtOz\" width=\"525\" height=\"296\" frameborder=\"0\" marginwidth=\"0\" marginheight=\"0\" scrolling=\"no\"><\/iframe><\/p>\n<p>http:\/\/fenetresurblog.com\/index.php\/2020\/09\/11\/spectacle-musical-toi-tu-te-tais-au-theatre-trevise-paris-9-a-partir-du-28-septembre-2020\/<\/p>\n<p>http:\/\/fenetresurblog.com\/index.php\/2020\/09\/11\/les-pieds-tanques-a-partir-du-23-septembre-2020-au-theatre-douze-paris-12\/<\/p>\n<p>http:\/\/fenetresurblog.com\/index.php\/2020\/07\/12\/vous-allez-faire-un-tube-spectacle-musical-interactif-a-la-reine-blanche-paris-18-du-16-juillet-au-9-aout\/<\/p>\n<blockquote class=\"wp-embedded-content\" data-secret=\"FEyqSOVw55\"><p><a href=\"https:\/\/fenetresurblog.com\/index.php\/2020\/01\/08\/william-mesguich-rencontre-avec-le-comedien-et-metteur-en-scene-francais-entrevue-flo-quentin-herfort\/\">WILLIAM MESGUICH : Rencontre avec le Com\u00e9dien et metteur en sc\u00e8ne fran\u00e7ais &#8211; Entrevue Flo QUENTIN-HERFORT<\/a><\/p><\/blockquote>\n<p><iframe loading=\"lazy\" class=\"wp-embedded-content\" sandbox=\"allow-scripts\" security=\"restricted\" style=\"position: absolute; visibility: hidden;\" title=\"\u00ab\u00a0WILLIAM MESGUICH : Rencontre avec le Com\u00e9dien et metteur en sc\u00e8ne fran\u00e7ais &#8211; Entrevue Flo QUENTIN-HERFORT\u00a0\u00bb &#8212; \" src=\"https:\/\/fenetresurblog.com\/index.php\/2020\/01\/08\/william-mesguich-rencontre-avec-le-comedien-et-metteur-en-scene-francais-entrevue-flo-quentin-herfort\/embed\/#?secret=uP0RrBYMRq#?secret=FEyqSOVw55\" data-secret=\"FEyqSOVw55\" width=\"525\" height=\"296\" frameborder=\"0\" marginwidth=\"0\" marginheight=\"0\" scrolling=\"no\"><\/iframe><\/p>\n<blockquote class=\"wp-embedded-content\" data-secret=\"F4RdBPwqn3\"><p><a href=\"https:\/\/fenetresurblog.com\/index.php\/2019\/09\/17\/bruno-putzulu-les-ritals-de-fracois-cavana-en-tournee-12-hommes-en-colere-de-reginald-rose-theatre-hebertot-interview\/\">BRUNO PUTZULU \u00ab\u00a0LES RITALS\u00a0\u00bb de Fran\u00e7ois Cavana -en tourn\u00e9e- &#038; 12 HOMMES EN COLERE de  Reginald Rose  Th\u00e9\u00e2tre Hebertot &#8211; (Interview)<\/a><\/p><\/blockquote>\n<p><iframe loading=\"lazy\" class=\"wp-embedded-content\" sandbox=\"allow-scripts\" security=\"restricted\" style=\"position: absolute; visibility: hidden;\" title=\"\u00ab\u00a0BRUNO PUTZULU \u00ab\u00a0LES RITALS\u00a0\u00bb de Fran\u00e7ois Cavana -en tourn\u00e9e- &#038; 12 HOMMES EN COLERE de  Reginald Rose  Th\u00e9\u00e2tre Hebertot &#8211; (Interview)\u00a0\u00bb &#8212; \" src=\"https:\/\/fenetresurblog.com\/index.php\/2019\/09\/17\/bruno-putzulu-les-ritals-de-fracois-cavana-en-tournee-12-hommes-en-colere-de-reginald-rose-theatre-hebertot-interview\/embed\/#?secret=2zqo1JeDhD#?secret=F4RdBPwqn3\" data-secret=\"F4RdBPwqn3\" width=\"525\" height=\"296\" frameborder=\"0\" marginwidth=\"0\" marginheight=\"0\" scrolling=\"no\"><\/iframe><\/p>\n<p>http:\/\/fenetresurblog.com\/index.php\/2019\/07\/02\/danceperados-of-ireland-irish-music-dances-songs-au-casino-de-paris-le-6-novembre-puis-en-tournee-dans-toute-la-france-2019\/<\/p>\n<p>http:\/\/fenetresurblog.com\/index.php\/2019\/02\/24\/5707\/<\/p>\n<p>http:\/\/fenetresurblog.com\/index.php\/2019\/02\/03\/les-chevaliers-du-fiel-camping-car-for-ever-a-lolympia-et-en-tournee-interview\/<\/p>\n<blockquote class=\"wp-embedded-content\" data-secret=\"bsaO1fl8cF\"><p><a href=\"https:\/\/fenetresurblog.com\/index.php\/2018\/12\/21\/veronique-genest-piece-face-a-face-en-tourne-interview\/\">V\u00c9RONIQUE GENEST \/ Pi\u00e8ce \u00ab Face \u00e0 Face \u00bb en tourn\u00e9 (Interview)<\/a><\/p><\/blockquote>\n<p><iframe loading=\"lazy\" class=\"wp-embedded-content\" sandbox=\"allow-scripts\" security=\"restricted\" style=\"position: absolute; visibility: hidden;\" title=\"\u00ab\u00a0V\u00c9RONIQUE GENEST \/ Pi\u00e8ce \u00ab Face \u00e0 Face \u00bb en tourn\u00e9 (Interview)\u00a0\u00bb &#8212; \" src=\"https:\/\/fenetresurblog.com\/index.php\/2018\/12\/21\/veronique-genest-piece-face-a-face-en-tourne-interview\/embed\/#?secret=K3vgZw7zHa#?secret=bsaO1fl8cF\" data-secret=\"bsaO1fl8cF\" width=\"525\" height=\"296\" frameborder=\"0\" marginwidth=\"0\" marginheight=\"0\" scrolling=\"no\"><\/iframe><\/p>\n<p>http:\/\/fenetresurblog.com\/index.php\/2018\/12\/11\/gloria-et-emmanuelle-bouaziz-emilie-jolie-olympia-jusquau-6-janvier-2019-interviews-de-gloria-et-emmanuelle-bouaziz\/<\/p>\n<blockquote class=\"wp-embedded-content\" data-secret=\"j4kafHrXYU\"><p><a href=\"https:\/\/fenetresurblog.com\/index.php\/2018\/10\/06\/theatre-12-hommes-en-colere-interview-de-bruno-puzzulu\/\">THE\u00c2TRE : 12 HOMMES EN COLERE -Interview de BRUNO PUZZULU<\/a><\/p><\/blockquote>\n<p><iframe loading=\"lazy\" class=\"wp-embedded-content\" sandbox=\"allow-scripts\" security=\"restricted\" style=\"position: absolute; visibility: hidden;\" title=\"\u00ab\u00a0THE\u00c2TRE : 12 HOMMES EN COLERE -Interview de BRUNO PUZZULU\u00a0\u00bb &#8212; \" src=\"https:\/\/fenetresurblog.com\/index.php\/2018\/10\/06\/theatre-12-hommes-en-colere-interview-de-bruno-puzzulu\/embed\/#?secret=Z1Bk45TtUa#?secret=j4kafHrXYU\" data-secret=\"j4kafHrXYU\" width=\"525\" height=\"296\" frameborder=\"0\" marginwidth=\"0\" marginheight=\"0\" scrolling=\"no\"><\/iframe><\/p>\n<p>http:\/\/fenetresurblog.com\/index.php\/2018\/10\/06\/humour-esteban-business-show-a-la-comedie-bastille\/<\/p>\n<p>http:\/\/fenetresurblog.com\/index.php\/2018\/10\/06\/humour-tessapocalypse-love-autheatre-du-gymnase\/<\/p>\n<p>http:\/\/fenetresurblog.com\/index.php\/2018\/10\/06\/humour-michel-frenna-est-salvatore-vrogen-one-man-show-au-theatre-bo-saint-martin-tous-les-mercredis-a-20-h-du-26-septembre-au-26-decembre-2018\/<\/p>\n<p>http:\/\/fenetresurblog.com\/index.php\/2018\/10\/06\/humour-elodie-poux-a-lapollo-theatre-le-syndrome-du-playmobil-a-lapollo-theatre\/<\/p>\n<p>http:\/\/fenetresurblog.com\/index.php\/2018\/10\/06\/humour-dommages-avec-elodie-poux-julie-villersceline-groussard-a-l-apollo-theatre-a-partir-du-14-octobre-2018-dommages-avec-elodie-poux-julie-villersceline-groussard-a-l-apollo-thea\/<\/p>\n<p>http:\/\/fenetresurblog.com\/index.php\/2018\/09\/27\/la-cerisaie-variations-chantees-dapres-anton-tchekov-a-paris\/<\/p>\n<p>http:\/\/fenetresurblog.com\/index.php\/2018\/09\/13\/pauline-cartoon-a-la-boite-a-rires-jusqau-30-novembre-2018-avec-super-girl-interview\/<\/p>\n<p>http:\/\/fenetresurblog.com\/index.php\/2018\/06\/15\/kevin-et-tom-au-point-virgule\/<\/p>\n<p>http:\/\/fenetresurblog.com\/index.php\/2018\/05\/04\/clodette-for-ever-spectacle-musical-dhelene-arden-au-theatre-trevise-le-6-juin-2018-et-en-tournee-interview\/<\/p>\n<blockquote class=\"wp-embedded-content\" data-secret=\"QvswAQzhDI\"><p><a href=\"https:\/\/fenetresurblog.com\/index.php\/2018\/02\/23\/adieu-monsieur-haffmann-au-petit-montparnasse-jusquau-6-mai-2018-interview-de-jean-philippe-daguerre-auteur-et-metteur-en-scene\/\">THE\u00c2TRE : \u00ab\u00a0ADIEU MONSIEUR HAFFMANN\u00a0\u00bb au Petit Montparnasse jusqu\u2019au 6 mai 2018  (Interview de Jean Philippe Daguerre -auteur et metteur en sc\u00e8ne- par Flo Quentin-Herfort)<\/a><\/p><\/blockquote>\n<p><iframe loading=\"lazy\" class=\"wp-embedded-content\" sandbox=\"allow-scripts\" security=\"restricted\" style=\"position: absolute; visibility: hidden;\" title=\"\u00ab\u00a0THE\u00c2TRE : \u00ab\u00a0ADIEU MONSIEUR HAFFMANN\u00a0\u00bb au Petit Montparnasse jusqu\u2019au 6 mai 2018  (Interview de Jean Philippe Daguerre -auteur et metteur en sc\u00e8ne- par Flo Quentin-Herfort)\u00a0\u00bb &#8212; \" src=\"https:\/\/fenetresurblog.com\/index.php\/2018\/02\/23\/adieu-monsieur-haffmann-au-petit-montparnasse-jusquau-6-mai-2018-interview-de-jean-philippe-daguerre-auteur-et-metteur-en-scene\/embed\/#?secret=5Cx8Tma95w#?secret=QvswAQzhDI\" data-secret=\"QvswAQzhDI\" width=\"525\" height=\"296\" frameborder=\"0\" marginwidth=\"0\" marginheight=\"0\" scrolling=\"no\"><\/iframe><\/p>\n<p>http:\/\/fenetresurblog.com\/index.php\/2018\/02\/21\/theatre-ca-reste-entre-nous-valerie-mairesse-pierre-douglas-au-beffroy-salle-moebius-2-place-emile-cresp-92120-montrouge-le-vendredi-24-et-samedi-25-fevrier-a-16h-et-en-tournee-jusqu\/<\/p>\n<p>http:\/\/fenetresurblog.com\/index.php\/2018\/02\/15\/humour-pauline-cartoon-super-girl-au-bateau-theatre-le-nez-rouge-interview\/<\/p>\n<p>http:\/\/fenetresurblog.com\/index.php\/2018\/02\/03\/atlantis-le-nouveau-spectacle-de-holiday-on-ice-interview-brian-joubert-et-katrina-patchett\/<\/p>\n<p>http:\/\/fenetresurblog.com\/index.php\/2018\/01\/28\/theatre-nuit-divresse-avec-jean-luc-reichmann-de-josiane-balasko-mis-en-scene-par-nathalie-lecoultre-theatre-de-la-michodiere-paris-interview\/<\/p>\n<p>http:\/\/fenetresurblog.com\/index.php\/2018\/01\/28\/tout-est-bon-dans-le-macron-theatre-des-deux-anes-75018-paris-interview-de-jacques-mailhot\/<\/p>\n<p>http:\/\/fenetresurblog.com\/index.php\/2018\/01\/28\/humour-philippe-chevallier-dans-chevallier-culturellement-mal-pensant-theatre-des-2-anes-paris-interview\/<\/p>\n<p>http:\/\/fenetresurblog.com\/index.php\/2018\/01\/20\/maxime-dans-poivre-et-sel-theatre-les-feux-de-la-rampe-paris-et-en-tournee-interview\/<\/p>\n<p>http:\/\/fenetresurblog.com\/index.php\/2018\/01\/08\/theatre-un-jour-en-octobre-oktobertag-de-georg-kaiser-traduction-de-lallemand-rene-radrizzani-mise-en-scene-agathe-alexis-theatre-de-latalante-du-samedi-6-janvier-au-mardi-13-fevri\/<\/p>\n<hr \/>\n<p>http:\/\/fenetresurblog.com\/index.php\/2017\/12\/30\/tex-etats-des-lieux-en-tournee\/<\/p>\n<p>http:\/\/fenetresurblog.com\/index.php\/2017\/12\/30\/sellig-episode-5-a-lolympia-samedi-17-fevrier-2018-et-en-tournee-interview\/<\/p>\n<p>http:\/\/fenetresurblog.com\/index.php\/2017\/12\/30\/claudia-tagbo-dans-lucky-a-l-olympia-jeudi-18-janvier-2018-au-dimanche-21-janvier-2018-et-en-tournee-interview\/<\/p>\n<p>http:\/\/fenetresurblog.com\/index.php\/2017\/11\/11\/sebastian-marx-dans-un-new-yorkais-a-paris-apollo-theatre-paris-jusquau-30-decembre-2017-interview\/<\/p>\n<p>http:\/\/fenetresurblog.com\/index.php\/2017\/11\/11\/perruche-avec-barbara-schulz-et-arie-elmaleh-au-theatre-de-paris-jusquau-31-decembre-2017-interview\/<\/p>\n<p>http:\/\/fenetresurblog.com\/index.php\/2017\/11\/11\/theatre-jeanne-avec-nicole-croisille-theatre-du-petit-saint-martin-jusquau-318122017-interview\/<\/p>\n<blockquote class=\"wp-embedded-content\" data-secret=\"DprfSJitSo\"><p><a href=\"https:\/\/fenetresurblog.com\/index.php\/2017\/11\/04\/solo-arturo-brachetti-theatre-du-13ieme-art-jusquau-au-dimanche-10-decembre-2017-interview\/\">SOLO \u2013 ARTURO BRACHETTI th\u00e9\u00e2tre du 13i\u00e8me ART jusqu&rsquo;au au dimanche 10 d\u00e9cembre 2017 (Interview)<\/a><\/p><\/blockquote>\n<p><iframe loading=\"lazy\" class=\"wp-embedded-content\" sandbox=\"allow-scripts\" security=\"restricted\" style=\"position: absolute; visibility: hidden;\" title=\"\u00ab\u00a0SOLO \u2013 ARTURO BRACHETTI th\u00e9\u00e2tre du 13i\u00e8me ART jusqu&rsquo;au au dimanche 10 d\u00e9cembre 2017 (Interview)\u00a0\u00bb &#8212; \" src=\"https:\/\/fenetresurblog.com\/index.php\/2017\/11\/04\/solo-arturo-brachetti-theatre-du-13ieme-art-jusquau-au-dimanche-10-decembre-2017-interview\/embed\/#?secret=MhV17FQQ97#?secret=DprfSJitSo\" data-secret=\"DprfSJitSo\" width=\"525\" height=\"296\" frameborder=\"0\" marginwidth=\"0\" marginheight=\"0\" scrolling=\"no\"><\/iframe><\/p>\n<p>http:\/\/fenetresurblog.com\/index.php\/2017\/11\/04\/popeck-meme-pas-mort-au-theatre-de-larchipel-jusquau-13-janvier-2018-interview\/<\/p>\n<p>http:\/\/fenetresurblog.com\/index.php\/2017\/10\/29\/humour-julien-courbet-revient-avec-son-nouveau-one-man-show-jeune-et-joli-a-50-ans-interview\/<\/p>\n<p>&nbsp;<\/p>\n<p>http:\/\/fenetresurblog.com\/index.php\/2017\/11\/11\/theatre-jeanne-avec-nicole-croisille-theatre-du-petit-saint-martin-jusquau-318122017-interview\/<\/p>\n<p>http:\/\/fenetresurblog.com\/index.php\/2017\/10\/19\/humour-jean-michel-mattei-interview-la-montagne-bienfaits-pour-vous-aux-folies-bergeredimanche-26-novembre-2017-a-19h-et-en-tournee-dans-toute-la-france\/<\/p>\n<p>http:\/\/fenetresurblog.com\/index.php\/2017\/10\/16\/comedie-musicale-chambre-113-la-co-medico-musicale-romantique-drole-et-emouvante\/<\/p>\n<p>http:\/\/fenetresurblog.com\/index.php\/2017\/10\/16\/spectacle-musical-les-divalala-au-theatre-de-menilmontant-paris\/<\/p>\n<p>http:\/\/fenetresurblog.com\/index.php\/2017\/10\/16\/meme-pas-mort-popeck-de-retour-au-theatre-de-larchipel-a-paris\/<\/p>\n<p>http:\/\/fenetresurblog.com\/index.php\/2017\/10\/16\/comedie-musicale-robin-des-bois-la-legende-ou-presque-au-theatre-de-menilmontant-a-paris\/<\/p>\n<p>http:\/\/fenetresurblog.com\/index.php\/2017\/10\/15\/spectacle-welcome-to-woodstock-le-road-trip-musical-et-psychedelique-interview\/<\/p>\n<p>http:\/\/fenetresurblog.com\/index.php\/2017\/10\/09\/theatre-marie-fugain-comedie-caumartin-bouquet-final-interview\/<\/p>\n<p>&nbsp;<\/p>\n<p>http:\/\/fenetresurblog.com\/index.php\/2017\/10\/09\/theatre-confidences-avec-marie-christine-barault-theetre-rive-gauche-interview\/<\/p>\n<p>http:\/\/fenetresurblog.com\/index.php\/2017\/09\/22\/theatre-les-jumeaux-venitiens-avec-maxime-daboville-et-olivier-sitruk-au-theatre-hebertot-interview-de-maxime-daboville\/<\/p>\n<p>http:\/\/fenetresurblog.com\/index.php\/2017\/09\/22\/theatre-fausse-note-theatre-michel-avec-tom-novembre-et-christophe-malavoy-interveiw-de-tom-novembre\/<\/p>\n<p>http:\/\/fenetresurblog.com\/index.php\/2017\/09\/22\/theatre-fausse-note-theatre-michel-avec-tom-novembre-et-christophe-malavoy-interveiw-de-tom-novembre\/<\/p>\n<p>http:\/\/fenetresurblog.com\/index.php\/2017\/08\/30\/theatre-bouquet-final-a-la-comedie-caumartin-a-partir-du-19-septembre-2017\/<\/p>\n<p>http:\/\/fenetresurblog.com\/index.php\/2017\/08\/29\/theatre-you-you-de-jovan-atchine-avec-mina-poe-au-studio-hebertot-a-partir-du-7-septembre\/<\/p>\n<blockquote class=\"wp-embedded-content\" data-secret=\"idEDayoXJR\"><p><a href=\"https:\/\/fenetresurblog.com\/index.php\/2017\/07\/21\/marie-stuart-ou-la-conjuration-des-lords-1ere-le-9-septembre-2017-paris-theatre-du-nord-ouest\/\">Marie Stuart, Rose d&rsquo;Ecosse ou la conjuration des Lords  La pi\u00e8ce est reprise au th\u00e9\u00e2tre du Nord Ouest en octobre le 14 et 28    (Interview)<\/a><\/p><\/blockquote>\n<p><iframe loading=\"lazy\" class=\"wp-embedded-content\" sandbox=\"allow-scripts\" security=\"restricted\" style=\"position: absolute; visibility: hidden;\" title=\"\u00ab\u00a0Marie Stuart, Rose d&rsquo;Ecosse ou la conjuration des Lords  La pi\u00e8ce est reprise au th\u00e9\u00e2tre du Nord Ouest en octobre le 14 et 28    (Interview)\u00a0\u00bb &#8212; \" src=\"https:\/\/fenetresurblog.com\/index.php\/2017\/07\/21\/marie-stuart-ou-la-conjuration-des-lords-1ere-le-9-septembre-2017-paris-theatre-du-nord-ouest\/embed\/#?secret=ErX7Ynr2dm#?secret=idEDayoXJR\" data-secret=\"idEDayoXJR\" width=\"525\" height=\"296\" frameborder=\"0\" marginwidth=\"0\" marginheight=\"0\" scrolling=\"no\"><\/iframe><\/p>\n<p>http:\/\/fenetresurblog.com\/index.php\/2017\/07\/18\/david-bolling-et-chrystoph-lemaire-savent-tout-faire-salle-francois-rabelais-ormes-pres-dorleans-le-15102017-interview-de-david-bolling\/<\/p>\n<p>http:\/\/fenetresurblog.com\/index.php\/2017\/06\/24\/le-moustique-une-comedie-piquante-au-festival-davignon-de-eric-wienner\/<\/p>\n<p>http:\/\/fenetresurblog.com\/index.php\/2017\/06\/19\/theatre-voyage-en-ascenceur-festival-avignon-off-2017-a-partir-du-6-juillet-au-theatre-actuel-a-17h05-avec-corinne-touzet-interview\/<\/p>\n<p>http:\/\/fenetresurblog.com\/index.php\/2017\/06\/11\/priscilla-folle-du-desert-au-casino-de-paris-jusquau-9-juillet-puis-en-tournee\/<\/p>\n<p>http:\/\/fenetresurblog.com\/index.php\/2017\/05\/05\/nathalie-lermitte-piaf-ombres-et-lumiere-nouveau-spectacle-au-theatre-de-dix-heures-paris\/<\/p>\n<p>http:\/\/fenetresurblog.com\/index.php\/2017\/05\/22\/lou-volt-les-doigts-dans-la-prise-en-spectacle-et-avec-le-grand-orchestre-du-splendid-interview\/<\/p>\n<p>http:\/\/fenetresurblog.com\/index.php\/2017\/05\/05\/melanie-rodriguez-ca-pique-un-peu-a-lapollo-theatre-tous-les-jeudis-a-20h-jusquau-25-mai-2017-et-sur-les-festivals\/<\/p>\n<p>http:\/\/fenetresurblog.com\/index.php\/2017\/04\/16\/olivier-lejeune-en-tournee-avec-tout-bascule-interview\/<\/p>\n<p>http:\/\/fenetresurblog.com\/index.php\/2017\/04\/12\/les-goguettes-en-trio-mais-a-quatre-au-theatre-trevise-interview\/<\/p>\n<p>http:\/\/fenetresurblog.com\/index.php\/2017\/03\/29\/love-letters-a-la-comedie-des-champs-elyzees-avec-jean-piat-et-mylene-demongeot-interview-de-mylene-demongeot\/<\/p>\n<p>http:\/\/fenetresurblog.com\/index.php\/2017\/03\/27\/ca-fait-du-bien-nadia-roze-au-theatre-trevise-interview-de-nadia-roze\/<\/p>\n<p>http:\/\/fenetresurblog.com\/index.php\/2017\/03\/18\/virginie-lemoine-triple-actualite-au-theatre-piege-mortel-le-bal-et-31\/<\/p>\n<p>http:\/\/fenetresurblog.com\/index.php\/2017\/03\/11\/rachid-badouri-dans-recharge-apollo-theatre-paris-interview\/<\/p>\n<p>http:\/\/fenetresurblog.com\/index.php\/2017\/03\/03\/peau-de-vache-avec-chantal-ladesou-theatre-antoine-paris\/<\/p>\n<p>http:\/\/fenetresurblog.com\/index.php\/2017\/03\/02\/les-freres-taloches-en-tournee-avec-les-caves-interview\/<\/p>\n<p>http:\/\/fenetresurblog.com\/index.php\/2017\/02\/26\/les-choristes-spectacle-musical-aux-folies-bergeres-et-en-tournee-interview-de-christophe-barratier\/<\/p>\n","protected":false},"excerpt":{"rendered":"<p>\u00ab\u00a0BOB ET MOI\u00a0\u00bb \u00e0 La Scala \u2013Paris- r\u00e9cit th\u00e9\u00e2tral et musical De et avec Alexandre Virapin . Mise en sc\u00e8ne Jules Meary INTERVIEW D&rsquo;ALEXANDRE VIRAPIN HUMOUR : PAULINE CARTOON \u00a0\u00bb CO(S)MIC GIRL THE\u00c2TRE\/MAGIE : Yann FRISCH \u00ab\u00a0PERSONNE\u00a0\u00bb Compagnie l&rsquo;Absente- En tourn\u00e9e (interview) http:\/\/fenetresurblog.com\/index.php\/2020\/09\/11\/spectacle-musical-toi-tu-te-tais-au-theatre-trevise-paris-9-a-partir-du-28-septembre-2020\/ http:\/\/fenetresurblog.com\/index.php\/2020\/09\/11\/les-pieds-tanques-a-partir-du-23-septembre-2020-au-theatre-douze-paris-12\/ http:\/\/fenetresurblog.com\/index.php\/2020\/07\/12\/vous-allez-faire-un-tube-spectacle-musical-interactif-a-la-reine-blanche-paris-18-du-16-juillet-au-9-aout\/ WILLIAM MESGUICH : Rencontre avec le Com\u00e9dien et metteur en &hellip; <\/p>\n<p class=\"link-more\"><a href=\"https:\/\/fenetresurblog.com\/index.php\/theatres\/\" class=\"more-link\">Continuer la lecture<span class=\"screen-reader-text\"> de &laquo;&nbsp;Th\u00e9\u00e2tres, spectacles&#8230;&nbsp;&raquo;<\/span><\/a><\/p>\n","protected":false},"author":1,"featured_media":0,"parent":0,"menu_order":0,"comment_status":"closed","ping_status":"closed","template":"","meta":{"footnotes":""},"class_list":["post-67","page","type-page","status-publish","hentry"],"_links":{"self":[{"href":"https:\/\/fenetresurblog.com\/index.php\/wp-json\/wp\/v2\/pages\/67","targetHints":{"allow":["GET"]}}],"collection":[{"href":"https:\/\/fenetresurblog.com\/index.php\/wp-json\/wp\/v2\/pages"}],"about":[{"href":"https:\/\/fenetresurblog.com\/index.php\/wp-json\/wp\/v2\/types\/page"}],"author":[{"embeddable":true,"href":"https:\/\/fenetresurblog.com\/index.php\/wp-json\/wp\/v2\/users\/1"}],"replies":[{"embeddable":true,"href":"https:\/\/fenetresurblog.com\/index.php\/wp-json\/wp\/v2\/comments?post=67"}],"version-history":[{"count":0,"href":"https:\/\/fenetresurblog.com\/index.php\/wp-json\/wp\/v2\/pages\/67\/revisions"}],"wp:attachment":[{"href":"https:\/\/fenetresurblog.com\/index.php\/wp-json\/wp\/v2\/media?parent=67"}],"curies":[{"name":"wp","href":"https:\/\/api.w.org\/{rel}","templated":true}]}}