{"id":5521,"date":"2019-01-25T13:15:04","date_gmt":"2019-01-25T12:15:04","guid":{"rendered":"http:\/\/fenetresurblog.com\/?page_id=5521"},"modified":"2019-04-14T14:55:12","modified_gmt":"2019-04-14T12:55:12","slug":"mon-livre-de-chevet-par-une-personnalite","status":"publish","type":"page","link":"https:\/\/fenetresurblog.com\/index.php\/mon-livre-de-chevet-par-une-personnalite\/","title":{"rendered":"\u00ab\u00a0MON LIVRE  \u00a0\u00bb par une personnalit\u00e9 !"},"content":{"rendered":"<p>&nbsp;<\/p>\n<p><img loading=\"lazy\" decoding=\"async\" class=\"alignnone size-medium wp-image-5814\" src=\"http:\/\/fenetresurblog.com\/wp-content\/uploads\/2019\/01\/AntoineQuebec2280-300x252.jpg\" alt=\"\" width=\"300\" height=\"252\" srcset=\"https:\/\/fenetresurblog.com\/wp-content\/uploads\/2019\/01\/AntoineQuebec2280-300x252.jpg 300w, https:\/\/fenetresurblog.com\/wp-content\/uploads\/2019\/01\/AntoineQuebec2280-768x644.jpg 768w, https:\/\/fenetresurblog.com\/wp-content\/uploads\/2019\/01\/AntoineQuebec2280-1024x858.jpg 1024w, https:\/\/fenetresurblog.com\/wp-content\/uploads\/2019\/01\/AntoineQuebec2280.jpg 1200w\" sizes=\"auto, (max-width: 300px) 100vw, 300px\" \/><\/p>\n<p><span style=\"color: #00ff00;\"><strong>ANTOINE, \u00e9ternel vacancier qui parcour les mers pour nous faire r\u00eaver en nous offrant des paysages paradisiaques par ses livres, films et conf\u00e9rences reste aussi le chanteur aux cheveux longs et chemises \u00e0 fleurs des \u00e9lucubrations qui fut la chanson de toute une jeunesse\u00a0 qui faisait sa r\u00e9volution en chansons et en libert\u00e9&#8230;<\/strong><\/span><\/p>\n<p><span style=\"color: #00ff00;\"><strong><a href=\"https:\/\/www.universalmusic.fr\/artiste\/5056-antoine\/bio\" target=\"_blank\" rel=\"noopener\">Lire plus\u00a0\u00a0<\/a><\/strong><\/span><\/p>\n<p>Ecouter<\/p>\n<audio class=\"wp-audio-shortcode\" id=\"audio-5521-1\" preload=\"none\" style=\"width: 100%;\" controls=\"controls\"><source type=\"audio\/mpeg\" src=\"http:\/\/fenetresurblog.com\/wp-content\/uploads\/2019\/01\/ANTOINE-SON-LIVRE.-r-blog.mp3?_=1\" \/><a href=\"http:\/\/fenetresurblog.com\/wp-content\/uploads\/2019\/01\/ANTOINE-SON-LIVRE.-r-blog.mp3\">http:\/\/fenetresurblog.com\/wp-content\/uploads\/2019\/01\/ANTOINE-SON-LIVRE.-r-blog.mp3<\/a><\/audio>\n<p><img loading=\"lazy\" decoding=\"async\" class=\"alignnone size-full wp-image-5811\" src=\"http:\/\/fenetresurblog.com\/wp-content\/uploads\/2019\/01\/t\u00e9l\u00e9chargement-11.jpg\" alt=\"\" width=\"233\" height=\"216\" \/><\/p>\n<p><span style=\"color: #00ff00;\"><strong>ANNY DUPEREY<\/strong><\/span><\/p>\n<p><span style=\"color: #00ff00;\"><strong>Titulaire d&rsquo;un Premier Prix de com\u00e9die aux Beaux-Arts de Rouen, la jeune Anny Duperey, de son vrai nom Anny Legras, quitte sa Normandie natale pour Paris, \u00e0 peine \u00e2g\u00e9e de 18 ans. Apr\u00e8s des \u00e9tudes d&rsquo;art dramatique chez Ren\u00e9 Simon et une p\u00e9riode en tant que mod\u00e8le pour photographes de mode, la jeune femme entre au Conservatoire de Paris au milieu des ann\u00e9es 60. Les choses s&rsquo;acc\u00e9l\u00e8rent alors : Anny Duperey s&rsquo;illustre d&rsquo;abord sur les planches puis, rep\u00e9r\u00e9e par Jean-Luc Godard, elle obtient l&rsquo;un des r\u00f4les principaux de Deux ou trois choses que je sais d&rsquo;elle (1966).La fin des ann\u00e9es 60 et les ann\u00e9es 70 constituent une p\u00e9riode faste pour Anny Duperey. L&rsquo;actrice tourne pour des cin\u00e9astes de la vieille \u00e9poque comme Andr\u00e9 Hunebelle (Sous le signe de Monte-Cristo, 1968) et Jean Delannoy (Pas folle la gu\u00eape, 1972). Elle assiste ensuite au coup de foudre entre Philippe Avron et &#8230;\u00a0<\/strong><\/span><br \/>\n<span style=\"color: #00ff00;\"><strong><a class=\"xXx blue-link link-more\" href=\"http:\/\/www.allocine.fr\/personne\/fichepersonne-4413\/biographie\/\">Lire plus<\/a><\/strong><\/span><\/p>\n<p>Ecouter<\/p>\n<audio class=\"wp-audio-shortcode\" id=\"audio-5521-2\" preload=\"none\" style=\"width: 100%;\" controls=\"controls\"><source type=\"audio\/mpeg\" src=\"http:\/\/fenetresurblog.com\/wp-content\/uploads\/2019\/01\/ANNIE-DUPERREY-LIVRE-RADIO-ET-BLOG.mp3?_=2\" \/><a href=\"http:\/\/fenetresurblog.com\/wp-content\/uploads\/2019\/01\/ANNIE-DUPERREY-LIVRE-RADIO-ET-BLOG.mp3\">http:\/\/fenetresurblog.com\/wp-content\/uploads\/2019\/01\/ANNIE-DUPERREY-LIVRE-RADIO-ET-BLOG.mp3<\/a><\/audio>\n<p><img loading=\"lazy\" decoding=\"async\" class=\"alignnone size-medium wp-image-5799\" src=\"http:\/\/fenetresurblog.com\/wp-content\/uploads\/2019\/01\/Bruno_Wolkowitch2-217x300.jpg\" alt=\"\" width=\"217\" height=\"300\" srcset=\"https:\/\/fenetresurblog.com\/wp-content\/uploads\/2019\/01\/Bruno_Wolkowitch2-217x300.jpg 217w, https:\/\/fenetresurblog.com\/wp-content\/uploads\/2019\/01\/Bruno_Wolkowitch2-768x1064.jpg 768w, https:\/\/fenetresurblog.com\/wp-content\/uploads\/2019\/01\/Bruno_Wolkowitch2-739x1024.jpg 739w, https:\/\/fenetresurblog.com\/wp-content\/uploads\/2019\/01\/Bruno_Wolkowitch2.jpg 997w\" sizes=\"auto, (max-width: 217px) 100vw, 217px\" \/><\/p>\n<p><span style=\"color: #00ff00;\"><strong>BRUNO WOLKOWITCK<\/strong><\/span><\/p>\n<p><span style=\"color: #00ff00;\"><strong>Bruno Wolkowitch d\u00e9marre sa carri\u00e8re en 1983 sous la direction du cin\u00e9aste Robert Enrico dans le drame de guerre Au nom de tous les miens, aux cot\u00e9s de Michael York et Brigitte Fossey, puis il encha\u00eene l&rsquo;ann\u00e9e suivante avec une petite participation dans le film de Roger Hanin, Train d&rsquo;enfer. Mais c&rsquo;est gr\u00e2ce \u00e0 la s\u00e9rie t\u00e9l\u00e9vis\u00e9e Madame le Maire, avec Marthe Mercadier en 1997, que l&rsquo;acteur se fait remarquer par le grand public. &#8230;\u00a0<\/strong><\/span><a href=\"http:\/\/www.allocine.fr\/personne\/fichepersonne_gen_cpersonne=18255.html\" target=\"_blank\" rel=\"noopener\"> LIRE PLUS<\/a><\/p>\n<p>Ecouter<\/p>\n<audio class=\"wp-audio-shortcode\" id=\"audio-5521-3\" preload=\"none\" style=\"width: 100%;\" controls=\"controls\"><source type=\"audio\/mpeg\" src=\"http:\/\/fenetresurblog.com\/wp-content\/uploads\/2019\/01\/bruno-wolkovitch-plus-livre-master.mp3?_=3\" \/><a href=\"http:\/\/fenetresurblog.com\/wp-content\/uploads\/2019\/01\/bruno-wolkovitch-plus-livre-master.mp3\">http:\/\/fenetresurblog.com\/wp-content\/uploads\/2019\/01\/bruno-wolkovitch-plus-livre-master.mp3<\/a><\/audio>\n<p>&nbsp;<\/p>\n<p><img loading=\"lazy\" decoding=\"async\" class=\"alignnone size-full wp-image-5530\" src=\"http:\/\/fenetresurblog.com\/wp-content\/uploads\/2019\/01\/t\u00e9l\u00e9chargement-3.jpg\" alt=\"\" width=\"215\" height=\"235\" \/><\/p>\n<p><span style=\"color: #00ff00;\"><strong>ALEXANDRE JARDIN<\/strong><\/span><\/p>\n<p><span style=\"color: #00ff00;\"><strong>Alexandre Jardin,\u00a0 est un \u00e9crivain, cin\u00e9aste et pamphl\u00e9taire fran\u00e7ais. Fondateur en 2015 du mouvement citoyen Bleu Blanc Z\u00e8bre, il annonce en d\u00e9cembre 2016 sa candidature \u00e0 l&rsquo;\u00e9lection pr\u00e9sidentielle fran\u00e7aise de 2017 mais ne r\u00e9ussit pas \u00e0 r\u00e9unir les 500 parrainages requis.<\/strong><\/span><\/p>\n<p>Ecouter<\/p>\n<audio class=\"wp-audio-shortcode\" id=\"audio-5521-4\" preload=\"none\" style=\"width: 100%;\" controls=\"controls\"><source type=\"audio\/mpeg\" src=\"http:\/\/fenetresurblog.com\/wp-content\/uploads\/2019\/01\/ALEXANDRE-JARDIN-25-SEPT-2018.mp3?_=4\" \/><a href=\"http:\/\/fenetresurblog.com\/wp-content\/uploads\/2019\/01\/ALEXANDRE-JARDIN-25-SEPT-2018.mp3\">http:\/\/fenetresurblog.com\/wp-content\/uploads\/2019\/01\/ALEXANDRE-JARDIN-25-SEPT-2018.mp3<\/a><\/audio>\n<p>&nbsp;<\/p>\n<p><cite class=\"italique\">Le Z\u00e8bre<\/cite>,\u00a0\u00a0 \u00a0Prix Femina en 1988<\/p>\n<p>Derni\u00e8res parutions:<\/p>\n<ul>\n<li><cite class=\"italique\">Les Nouveaux Amants<\/cite>, Bernard Grasset,\u00a02016<\/li>\n<li><a href=\"http:\/\/fenetresurblog.com\/index.php\/2017\/10\/29\/ma-mere-avait-raison-par-alexandre-jardin-editions-grasset-interview\/\"><cite class=\"italique\">Ma m\u00e8re avait raison<\/cite><\/a>, Bernard Grasset,\u00a02017<\/li>\n<li><a href=\"http:\/\/fenetresurblog.com\/index.php\/2018\/11\/04\/alexandre-jardin-double-coeur-ed-grasset-interview\/\">Double Coeur <\/a>Ed Bernaed Grasset, 2019<\/li>\n<\/ul>\n<p>&nbsp;<\/p>\n<p><img loading=\"lazy\" decoding=\"async\" class=\"alignnone size-medium wp-image-5818\" src=\"http:\/\/fenetresurblog.com\/wp-content\/uploads\/2019\/01\/1200px-Salon_du_livre_de_Paris_2011_-_Alain_Baraton_-_002-200x300.jpg\" alt=\"\" width=\"200\" height=\"300\" srcset=\"https:\/\/fenetresurblog.com\/wp-content\/uploads\/2019\/01\/1200px-Salon_du_livre_de_Paris_2011_-_Alain_Baraton_-_002-200x300.jpg 200w, https:\/\/fenetresurblog.com\/wp-content\/uploads\/2019\/01\/1200px-Salon_du_livre_de_Paris_2011_-_Alain_Baraton_-_002-768x1152.jpg 768w, https:\/\/fenetresurblog.com\/wp-content\/uploads\/2019\/01\/1200px-Salon_du_livre_de_Paris_2011_-_Alain_Baraton_-_002-683x1024.jpg 683w, https:\/\/fenetresurblog.com\/wp-content\/uploads\/2019\/01\/1200px-Salon_du_livre_de_Paris_2011_-_Alain_Baraton_-_002.jpg 1200w\" sizes=\"auto, (max-width: 200px) 100vw, 200px\" \/><\/p>\n<p><span style=\"color: #00ff00;\"><strong>ALAIN BARATON\u00a0<\/strong><\/span><\/p>\n<p><strong><span style=\"color: #00ff00;\">Alain Baraton est un jardinier, \u00e9crivain, chroniqueur de t\u00e9l\u00e9vision et de radio fran\u00e7ais.<\/span><\/strong><\/p>\n<p><strong><span style=\"color: #00ff00;\">Apr\u00e8s trois ann\u00e9es d&rsquo;\u00e9tude au Centre horticole d&rsquo;enseignement et de promotion (CHEP) du Tremblay-sur-Mauldre (Yvelines), il obtint son baccalaur\u00e9at professionnel.<\/span><\/strong><\/p>\n<p><strong><span style=\"color: #00ff00;\">Pour gagner de l&rsquo;argent, il obtient en juillet 1976 un emploi saisonnier au domaine de Versailles comme caissier \u00e0 l&rsquo;entr\u00e9e du parc, mais d\u00e8s septembre devient aide-jardinier stagiaire.\u00a0<\/span><\/strong><\/p>\n<p><strong><span style=\"color: #00ff00;\">Il gravit alors tous les \u00e9chelons jusqu&rsquo;\u00e0 devenir jardinier en chef du Domaine national de Trianon et du Grand parc du ch\u00e2teau de Versailles en 1982.<\/span> <\/strong><a href=\"https:\/\/www.babelio.com\/auteur\/Alain-Baraton\/32479\" target=\"_blank\" rel=\"noopener\">\u00a0<em>Source balelio<\/em> Lire plus<\/a><\/p>\n<p>Ecouter<\/p>\n<audio class=\"wp-audio-shortcode\" id=\"audio-5521-5\" preload=\"none\" style=\"width: 100%;\" controls=\"controls\"><source type=\"audio\/mpeg\" src=\"http:\/\/fenetresurblog.com\/wp-content\/uploads\/2019\/01\/ALAIN-BARRATON-blog.mp3?_=5\" \/><a href=\"http:\/\/fenetresurblog.com\/wp-content\/uploads\/2019\/01\/ALAIN-BARRATON-blog.mp3\">http:\/\/fenetresurblog.com\/wp-content\/uploads\/2019\/01\/ALAIN-BARRATON-blog.mp3<\/a><\/audio>\n<p>&nbsp;<\/p>\n<p><img loading=\"lazy\" decoding=\"async\" class=\"alignnone size-medium wp-image-5821\" src=\"http:\/\/fenetresurblog.com\/wp-content\/uploads\/2019\/01\/t\u00e9l\u00e9chargement-12-300x168.jpg\" alt=\"\" width=\"300\" height=\"168\" \/><\/p>\n<p><span style=\"color: #00ff00;\"><strong>ANDRE BERCOFF<\/strong><\/span><\/p>\n<p><strong><span style=\"color: #00ff00;\">Andr\u00e9 Bercoff est un journaliste et \u00e9crivain franco-libanais. Il est connu \u00e9galement sous les pseudonymes de Philippe de Commines et de Caton.<\/span><\/strong><\/p>\n<p><strong><span style=\"color: #00ff00;\">Acteur du journalisme politique et des faits de soci\u00e9t\u00e9, il commence au Liban en 1960, o\u00f9, jusqu\u2019en 1966 il est r\u00e9dacteur en chef culturel de L\u2019Orient-Le Jour. Il a \u00e9t\u00e9 ensuite co r\u00e9dacteur en chef de Jeune Afrique, grand reporter \u00e0 la section \u00ab Vie moderne \u00bb de L\u2019Express entre 1968 et 1974.\u00a0<\/span><\/strong><\/p>\n<p><strong><span style=\"color: #00ff00;\">Il partagea ensuite sa plume au gr\u00e9 des \u00e9v\u00e9nements entre ses fameux coups pour Actuel &#8211; et ses humeurs dans Le Monde, Lib\u00e9ration, Le Nouvel Observateur, Globe, Playboy et Lui, dont il fut r\u00e9dacteur en chef entre 1984 et 1985.\u00a0<\/span> <a href=\"https:\/\/www.babelio.com\/auteur\/Andre-Bercoff\/18631\" target=\"_blank\" rel=\"noopener\">SOURCE\u00a0 BABELIO Lire plus<\/a><\/strong><\/p>\n<p>Ecouter<\/p>\n<audio class=\"wp-audio-shortcode\" id=\"audio-5521-6\" preload=\"none\" style=\"width: 100%;\" controls=\"controls\"><source type=\"audio\/mpeg\" src=\"http:\/\/fenetresurblog.com\/wp-content\/uploads\/2019\/01\/andre-BERCOFF-26-3-2019-BLOG.mp3?_=6\" \/><a href=\"http:\/\/fenetresurblog.com\/wp-content\/uploads\/2019\/01\/andre-BERCOFF-26-3-2019-BLOG.mp3\">http:\/\/fenetresurblog.com\/wp-content\/uploads\/2019\/01\/andre-BERCOFF-26-3-2019-BLOG.mp3<\/a><\/audio>\n<figure id=\"attachment_5824\" aria-describedby=\"caption-attachment-5824\" style=\"width: 300px\" class=\"wp-caption alignnone\"><img loading=\"lazy\" decoding=\"async\" class=\"size-medium wp-image-5824\" src=\"http:\/\/fenetresurblog.com\/wp-content\/uploads\/2019\/01\/86742986_o-300x200.jpg\" alt=\"\" width=\"300\" height=\"200\" srcset=\"https:\/\/fenetresurblog.com\/wp-content\/uploads\/2019\/01\/86742986_o-300x200.jpg 300w, https:\/\/fenetresurblog.com\/wp-content\/uploads\/2019\/01\/86742986_o-768x513.jpg 768w, https:\/\/fenetresurblog.com\/wp-content\/uploads\/2019\/01\/86742986_o-1024x684.jpg 1024w, https:\/\/fenetresurblog.com\/wp-content\/uploads\/2019\/01\/86742986_o.jpg 2048w\" sizes=\"auto, (max-width: 300px) 100vw, 300px\" \/><figcaption id=\"caption-attachment-5824\" class=\"wp-caption-text\">Antoine Dul\u00e9ry, acteur.<\/figcaption><\/figure>\n<p><span style=\"color: #00ff00;\"><strong>ANTOINE DULERY<\/strong><\/span><\/p>\n<p><span style=\"color: #00ff00;\"><strong>Antoine Dul\u00e9ry est un acteur fran\u00e7ais de t\u00e9l\u00e9vision et de cin\u00e9ma n\u00e9 en 1958.\u00a0<\/strong><\/span><\/p>\n<p><span style=\"color: #00ff00;\"><strong>Apr\u00e8s avoir \u00e9tudi\u00e9 au Cours Florent \u00e0 la fin des ann\u00e9es 70, Antoine Dul\u00e9ry fait ses premi\u00e8res apparitions au cin\u00e9ma et \u00e0 la t\u00e9l\u00e9vision dans les ann\u00e9es 80.\u00a0Mais c\u2019est au th\u00e9\u00e2tre qu\u2019il d\u00e9croche alors ses premiers r\u00f4les, dans\u00a0<em>Le Cid<\/em>\u00a0de Corneille ou encore\u00a0<em>Lorenzaccio<\/em>\u00a0d\u2019Alfred de Musset. \u00c0 partir des ann\u00e9es 90, ses r\u00f4les au cin\u00e9ma s\u2019\u00e9toffent et il devient un habitu\u00e9 de Claude Lelouch\u00a0:\u00a0<em>Hommes, femmes\u00a0: mode d\u2019emploi<\/em>\u00a0en 1996 les deux premiers volets de la trilogie\u00a0<em>Les Parisiens<\/em>\u00a0dans les ann\u00e9es 2000,\u00a0<em>Salaud on t\u2019aime<\/em>\u00a0en 2014.<\/strong><\/span><\/p>\n<p><span style=\"color: #00ff00;\"><strong>Antoine Dul\u00e9ry est surtout connu pour\u00a0ses r\u00f4les dans des com\u00e9dies \u00e0 succ\u00e8s\u00a0:\u00a0<em>Meilleur Espoir f\u00e9minin<\/em>\u00a0de G\u00e9rard Jugnot en 1999,\u00a0<em>Gr\u00e9goire Moulin contre l\u2019humanit\u00e9<\/em>\u00a0du regrett\u00e9 Artus de Penguern en 2001,\u00a0<em>Mariage mixte<\/em>\u00a0d\u2019Alexandre Arcady en 2003,\u00a0<em>Mariages\u202f!<\/em>\u00a0de Val\u00e9rie Guignabodet en 2004,\u00a0<em>Brice de Nice<\/em>\u00a0en 2005, aux c\u00f4t\u00e9s de Jean Dujardin,\u00a0<em>Jean-Philippe<\/em>\u00a0la m\u00eame ann\u00e9e aux c\u00f4t\u00e9s de Fabrice Luchini et Johnny Hallyday, les deux volets de\u00a0<em>Camping<\/em>\u00a0(2006 et 2009)\u2026 <\/strong><a href=\"https:\/\/www.gala.fr\/stars_et_gotha\/antoine_dulery\" target=\"_blank\" rel=\"noopener\">SOURCE GALA LIRE LA SUITE<\/a><\/span><\/p>\n<p>Ecouter<\/p>\n<audio class=\"wp-audio-shortcode\" id=\"audio-5521-7\" preload=\"none\" style=\"width: 100%;\" controls=\"controls\"><source type=\"audio\/mpeg\" src=\"http:\/\/fenetresurblog.com\/wp-content\/uploads\/2019\/01\/antoine-dulery-20-janvier-2019-BLOG.mp3?_=7\" \/><a href=\"http:\/\/fenetresurblog.com\/wp-content\/uploads\/2019\/01\/antoine-dulery-20-janvier-2019-BLOG.mp3\">http:\/\/fenetresurblog.com\/wp-content\/uploads\/2019\/01\/antoine-dulery-20-janvier-2019-BLOG.mp3<\/a><\/audio>\n<p>&nbsp;<\/p>\n<p><img loading=\"lazy\" decoding=\"async\" class=\"alignnone size-full wp-image-5828\" src=\"http:\/\/fenetresurblog.com\/wp-content\/uploads\/2019\/01\/t\u00e9l\u00e9chargement-13.jpg\" alt=\"\" width=\"188\" height=\"268\" \/><\/p>\n<p><strong><span style=\"color: #00ff00;\">ARTURO BRACHETTI<\/span><\/strong><\/p>\n<p class=\"p1\"><span style=\"color: #00ff00;\"><strong>Arturo Brachetti est un artiste italien, connu et applaudi dans le monde entier. Dans\u00a0nombreux pays il est consid\u00e9r\u00e9 comme une l\u00e9gende vivante ainsi que dans le monde de l\u2019art et dans\u00a0le performing art visuel. Il est \u00e9galement metteur en sc\u00e8ne et directeur artistique avis\u00e9 et fervent,\u00a0capable de varier de la com\u00e9die au musical et de la magie au cabaret.<\/strong><\/span><\/p>\n<p class=\"p1\"><span style=\"color: #00ff00;\"><strong>Brachetti est adjourd\u2019hui le plus grand acteur-transformiste au monde, avec une \u201cgallerie\u201d de\u00a0plus de 350 personnages, dont 100 interpr\u00e9t\u00e9s dans une seule soir\u00e9e.<\/strong><\/span><\/p>\n<p class=\"p1\"><span style=\"color: #00ff00;\"><strong>Il est si rapide qu\u2019il a \u00e9t\u00e9 inser\u00e9 dans le Guinnes Book of Records et son record est toujours\u00a0invaincu. Arturo ne change pas seulement la couleur du costume, mais le r\u00f4le entier, \u00e0 partir des\u00a0chaussures jusqu\u2019au chapeau, passant en un clin d\u2019oeil de Rossella o\u2019Hara \u00e0 un Mariachi mexicain et\u00a0d\u2019une vedette du charleston \u00e0 un cosaque au bord du Don. <a href=\"http:\/\/brachetti.com\/qui-est-arturo\/?lang=fr\" target=\"_blank\" rel=\"noopener\">PLUS<\/a><\/strong><\/span><\/p>\n<p>Ecouter<\/p>\n<audio class=\"wp-audio-shortcode\" id=\"audio-5521-8\" preload=\"none\" style=\"width: 100%;\" controls=\"controls\"><source type=\"audio\/mpeg\" src=\"http:\/\/fenetresurblog.com\/wp-content\/uploads\/2019\/01\/ARTURO-BRACHETTI-blog.mp3?_=8\" \/><a href=\"http:\/\/fenetresurblog.com\/wp-content\/uploads\/2019\/01\/ARTURO-BRACHETTI-blog.mp3\">http:\/\/fenetresurblog.com\/wp-content\/uploads\/2019\/01\/ARTURO-BRACHETTI-blog.mp3<\/a><\/audio>\n<h1><img loading=\"lazy\" decoding=\"async\" class=\"alignnone size-medium wp-image-5836\" src=\"http:\/\/fenetresurblog.com\/wp-content\/uploads\/2019\/01\/Babette-de-Rozi\u00e8res-2011-223x300.jpg\" alt=\"\" width=\"223\" height=\"300\" srcset=\"https:\/\/fenetresurblog.com\/wp-content\/uploads\/2019\/01\/Babette-de-Rozi\u00e8res-2011-223x300.jpg 223w, https:\/\/fenetresurblog.com\/wp-content\/uploads\/2019\/01\/Babette-de-Rozi\u00e8res-2011-768x1034.jpg 768w, https:\/\/fenetresurblog.com\/wp-content\/uploads\/2019\/01\/Babette-de-Rozi\u00e8res-2011-761x1024.jpg 761w, https:\/\/fenetresurblog.com\/wp-content\/uploads\/2019\/01\/Babette-de-Rozi\u00e8res-2011.jpg 1200w\" sizes=\"auto, (max-width: 223px) 100vw, 223px\" \/><\/h1>\n<p><span style=\"color: #00ff00;\"><strong>Babette de Rozi\u00e8res voit le jour en 1947 \u00e0 Pointe-\u00e0-Pitre en Guadeloupe. C&rsquo;est l\u00e0 que, tr\u00e8s vite, les merveilleux plats cr\u00e9oles de sa grand-m\u00e8re lui donnent la passion de la cuisine. A l&rsquo;\u00e2ge de 17 ans, son bac en poche, elle emm\u00e9nage \u00e0 Paris o\u00f9 elle suit des \u00e9tudes d&rsquo;histoire et de g\u00e9ographie. Puis elle int\u00e8gre l&rsquo;ORTF o\u00f9 elle travaille pendant dix ans, successivement en tant que scripte, speakerine et assistante de production. Dans le m\u00eame temps, son amour pour la cuisine ne cesse de grandir. Alors que le week-end elle pr\u00e9pare des petits plats pour ses amis, elle perfectionne sa technique dans les plus grands h\u00f4tels parisiens (Le M\u00e9ridien, Le Grand H\u00f4tel, Le George V)&#8230;<\/strong> <\/span><a href=\"http:\/\/babettederozieres.com\/\" target=\"_blank\" rel=\"noopener\">LIRE PLUS<\/a><\/p>\n<p>Ecouter<\/p>\n<audio class=\"wp-audio-shortcode\" id=\"audio-5521-9\" preload=\"none\" style=\"width: 100%;\" controls=\"controls\"><source type=\"audio\/mpeg\" src=\"http:\/\/fenetresurblog.com\/wp-content\/uploads\/2019\/01\/babette-de-rosi\u00e8re-le-livre-BLOG.mp3?_=9\" \/><a href=\"http:\/\/fenetresurblog.com\/wp-content\/uploads\/2019\/01\/babette-de-rosi\u00e8re-le-livre-BLOG.mp3\">http:\/\/fenetresurblog.com\/wp-content\/uploads\/2019\/01\/babette-de-rosi\u00e8re-le-livre-BLOG.mp3<\/a><\/audio>\n<p><img loading=\"lazy\" decoding=\"async\" class=\"alignnone size-medium wp-image-5941\" src=\"http:\/\/fenetresurblog.com\/wp-content\/uploads\/2019\/01\/AVT_Philippe-Delerm_1253-200x300.jpg\" alt=\"\" width=\"200\" height=\"300\" srcset=\"https:\/\/fenetresurblog.com\/wp-content\/uploads\/2019\/01\/AVT_Philippe-Delerm_1253-200x300.jpg 200w, https:\/\/fenetresurblog.com\/wp-content\/uploads\/2019\/01\/AVT_Philippe-Delerm_1253.jpg 299w\" sizes=\"auto, (max-width: 200px) 100vw, 200px\" \/><\/p>\n<p>PHILIPPE DEMERM<\/p>\n<p><b>Philippe Delerm<\/b>, n\u00e9 le\u00a0<time class=\"nowrap date-lien bday\" datetime=\"1950-11-27\" data-sort-value=\"1950-11-27\">27\u00a0novembre\u00a01950<\/time>\u00a0\u00e0\u00a0Auvers-sur-Oise\u00a0dans le\u00a0Val-d&rsquo;Oise, est un\u00a0\u00e9crivain fran\u00e7ais.<\/p>\n<p>Depuis 1975, il r\u00e9side en\u00a0Normandie, \u00e0\u00a0Beaumont-le-Roger\u00a0(Eure), en compagnie de son \u00e9pouse\u00a0Martine, illustratrice de litt\u00e9rature jeunesse, avec laquelle il a un fils,\u00a0Vincent Delerm,\u00a0auteur-compositeur-interpr\u00e8te.<\/p>\n<p>Philippe Delerm est l&rsquo;auteur de divers recueils de po\u00e8mes en prose dont\u00a0<i>La Premi\u00e8re Gorg\u00e9e de bi\u00e8re et autres plaisirs minuscules<\/i>\u00a0(Gallimard, 1997) qui connut un immense succ\u00e8s<sup id=\"cite_ref-1\" class=\"reference\"><\/sup><\/p>\n<p>Ecouter:<\/p>\n<audio class=\"wp-audio-shortcode\" id=\"audio-5521-10\" preload=\"none\" style=\"width: 100%;\" controls=\"controls\"><source type=\"audio\/mpeg\" src=\"http:\/\/fenetresurblog.com\/wp-content\/uploads\/2019\/01\/PHILIPPE-DELERM-SON-LIVRE-RADIO-ET-BLOG.mp3?_=10\" \/><a href=\"http:\/\/fenetresurblog.com\/wp-content\/uploads\/2019\/01\/PHILIPPE-DELERM-SON-LIVRE-RADIO-ET-BLOG.mp3\">http:\/\/fenetresurblog.com\/wp-content\/uploads\/2019\/01\/PHILIPPE-DELERM-SON-LIVRE-RADIO-ET-BLOG.mp3<\/a><\/audio>\n<p>&nbsp;<\/p>\n<p>&nbsp;<\/p>\n","protected":false},"excerpt":{"rendered":"<p>&nbsp; ANTOINE, \u00e9ternel vacancier qui parcour les mers pour nous faire r\u00eaver en nous offrant des paysages paradisiaques par ses livres, films et conf\u00e9rences reste aussi le chanteur aux cheveux longs et chemises \u00e0 fleurs des \u00e9lucubrations qui fut la chanson de toute une jeunesse\u00a0 qui faisait sa r\u00e9volution en chansons et en libert\u00e9&#8230; Lire &hellip; <\/p>\n<p class=\"link-more\"><a href=\"https:\/\/fenetresurblog.com\/index.php\/mon-livre-de-chevet-par-une-personnalite\/\" class=\"more-link\">Continuer la lecture<span class=\"screen-reader-text\"> de &laquo;&nbsp;\u00ab\u00a0MON LIVRE  \u00a0\u00bb par une personnalit\u00e9 !&nbsp;&raquo;<\/span><\/a><\/p>\n","protected":false},"author":1,"featured_media":0,"parent":0,"menu_order":0,"comment_status":"closed","ping_status":"closed","template":"","meta":{"footnotes":""},"class_list":["post-5521","page","type-page","status-publish","hentry"],"_links":{"self":[{"href":"https:\/\/fenetresurblog.com\/index.php\/wp-json\/wp\/v2\/pages\/5521","targetHints":{"allow":["GET"]}}],"collection":[{"href":"https:\/\/fenetresurblog.com\/index.php\/wp-json\/wp\/v2\/pages"}],"about":[{"href":"https:\/\/fenetresurblog.com\/index.php\/wp-json\/wp\/v2\/types\/page"}],"author":[{"embeddable":true,"href":"https:\/\/fenetresurblog.com\/index.php\/wp-json\/wp\/v2\/users\/1"}],"replies":[{"embeddable":true,"href":"https:\/\/fenetresurblog.com\/index.php\/wp-json\/wp\/v2\/comments?post=5521"}],"version-history":[{"count":0,"href":"https:\/\/fenetresurblog.com\/index.php\/wp-json\/wp\/v2\/pages\/5521\/revisions"}],"wp:attachment":[{"href":"https:\/\/fenetresurblog.com\/index.php\/wp-json\/wp\/v2\/media?parent=5521"}],"curies":[{"name":"wp","href":"https:\/\/api.w.org\/{rel}","templated":true}]}}